{"id":70,"date":"2010-06-02T12:20:31","date_gmt":"2010-06-02T10:20:31","guid":{"rendered":"http:\/\/www.hakkilaneraveikot.net\/?page_id=70"},"modified":"2026-04-13T17:18:35","modified_gmt":"2026-04-13T15:18:35","slug":"yhteystiedot","status":"publish","type":"page","link":"https:\/\/www.hakkilaneraveikot.net\/?page_id=70","title":{"rendered":"Yhteystiedot"},"content":{"rendered":"<table style=\"height: 425px;\" border=\"0\" width=\"500\">\n<tbody>\n<tr>\n<td><strong>Puheenjohtaja<br \/>\n<\/strong>Kalle Manninen<br \/>\npuhelin. 050 575 3455<br \/>\n<span class=\"qu yKyxu\" tabindex=\"-1\" role=\"gridcell\" translate=\"no\"><span class=\"go\">kalle.manninen.km(at)gmail.com<\/span><\/span><\/td>\n<td><strong>Sihteeri<br \/>\n<\/strong>Minna Saloviin<br \/>\nminna.saloviin(at)gmail.com<br \/>\npuhelin: 040 7209359<\/td>\n<\/tr>\n<tr>\n<td colspan=\"2\"><strong><br \/>\nHallituksen j\u00e4senet<\/strong><\/td>\n<\/tr>\n<tr>\n<td>Pasi H\u00e4kkinen (vpj)<br \/>\npuhelin: 050 517 4723<\/td>\n<td>Heikki Vauhkonen (Petoyhdyshenkil\u00f6, hirviporukanjohtaja)<br \/>\nheikki.j.vauhkonen(at)gmail.com<br \/>\npuhelin: 050 3547601<\/td>\n<\/tr>\n<tr>\n<td>Pentti H\u00e4kkinen (Hirviporukan varajohtaja)<br \/>\npuhelin: 040 517 8230<\/td>\n<td>Veijo Marttinen<br \/>\npuhelin: 0400 336 315<\/td>\n<\/tr>\n<tr>\n<td colspan=\"2\"><strong><br \/>\nTilinumerot <\/strong>(Suur-Savon osuuspankki)<br \/>\nH\u00e4kkil\u00e4n Er\u00e4-Veikot: (HUOMAA UUSI TILINUMERO)<br \/>\nFI50 5271 0420 5415 76, OKOYFIHH<br \/>\nH\u00e4kkil\u00e4n Er\u00e4-Veikkojen hirviseurue:<br \/>\nFI38 5042 0020 0209 04, OKOYFIHH<br \/>\nper\u00e4k\u00e4rryn vuokra 20 \u20ac\/kerta (vain seuran j\u00e4senille)<\/td>\n<\/tr>\n<\/tbody>\n<\/table>\n","protected":false},"excerpt":{"rendered":"<p>Puheenjohtaja Kalle Manninen puhelin. 050 575 3455 kalle.manninen.km(at)gmail.com Sihteeri Minna Saloviin minna.saloviin(at)gmail.com puhelin: 040 7209359 Hallituksen j\u00e4senet Pasi H\u00e4kkinen (vpj) puhelin: 050 517 4723 Heikki Vauhkonen (Petoyhdyshenkil\u00f6, hirviporukanjohtaja) heikki.j.vauhkonen(at)gmail.com puhelin: 050 3547601 Pentti H\u00e4kkinen (Hirviporukan varajohtaja) puhelin: 040 517 8230&hellip; <br \/><a class=\"read-more-button\" href=\"https:\/\/www.hakkilaneraveikot.net\/?page_id=70\">Read more<\/a><\/p>\n","protected":false},"author":1,"featured_media":0,"parent":0,"menu_order":8,"comment_status":"closed","ping_status":"closed","template":"","meta":{"footnotes":""},"class_list":["post-70","page","type-page","status-publish","hentry"],"_links":{"self":[{"href":"https:\/\/www.hakkilaneraveikot.net\/index.php?rest_route=\/wp\/v2\/pages\/70","targetHints":{"allow":["GET"]}}],"collection":[{"href":"https:\/\/www.hakkilaneraveikot.net\/index.php?rest_route=\/wp\/v2\/pages"}],"about":[{"href":"https:\/\/www.hakkilaneraveikot.net\/index.php?rest_route=\/wp\/v2\/types\/page"}],"author":[{"embeddable":true,"href":"https:\/\/www.hakkilaneraveikot.net\/index.php?rest_route=\/wp\/v2\/users\/1"}],"replies":[{"embeddable":true,"href":"https:\/\/www.hakkilaneraveikot.net\/index.php?rest_route=%2Fwp%2Fv2%2Fcomments&post=70"}],"version-history":[{"count":56,"href":"https:\/\/www.hakkilaneraveikot.net\/index.php?rest_route=\/wp\/v2\/pages\/70\/revisions"}],"predecessor-version":[{"id":1767,"href":"https:\/\/www.hakkilaneraveikot.net\/index.php?rest_route=\/wp\/v2\/pages\/70\/revisions\/1767"}],"wp:attachment":[{"href":"https:\/\/www.hakkilaneraveikot.net\/index.php?rest_route=%2Fwp%2Fv2%2Fmedia&parent=70"}],"curies":[{"name":"wp","href":"https:\/\/api.w.org\/{rel}","templated":true}]}}