{"id":20,"date":"2010-05-26T08:30:29","date_gmt":"2010-05-26T06:30:29","guid":{"rendered":"http:\/\/www.hakkilaneraveikot.net\/?page_id=20"},"modified":"2015-03-10T20:02:46","modified_gmt":"2015-03-10T18:02:46","slug":"hirviseurue","status":"publish","type":"page","link":"https:\/\/www.hakkilaneraveikot.net\/?page_id=20","title":{"rendered":"Hirviseurue"},"content":{"rendered":"<p style=\"text-align: justify;\">Seuran perustamisen aikoihin oli hirvi viel\u00e4 harvinainen el\u00e4in H\u00e4kkil\u00e4ss\u00e4. 1960-luvun lopulla kannan nopean kasvun my\u00f6t\u00e4 niit\u00e4 alkoi kuitenkin esiinty\u00e4 jahtimaillamme ja niinp\u00e4 seuramme anoi ja sai ensimm\u00e4isen hirvenkaatoluvan vuonna 1968. Hankkeen puuhamiehen\u00e4 toimi lossarimme Eino Nikulainen. Kaatoa ei viel\u00e4 silloin saatu, mutta vuonna 1970 se onnistui. Ensimm\u00e4isen hirvemme kaatoi Tauno Marttinen Huosiuskankaalta ja voidaan perustellusti sanoa, ett\u00e4 varmasti kaikki kyl\u00e4n kynnelle kykenev\u00e4t k\u00e4viv\u00e4t Hiekkoilla sit\u00e4 ihmett\u00e4 katsomassa.<\/p>\n<div id=\"attachment_906\" style=\"width: 650px\" class=\"wp-caption aligncenter\"><a href=\"http:\/\/www.hakkilaneraveikot.net\/wp-content\/uploads\/2010\/05\/ensimm\u00e4inen-hirvi.jpg\"><img loading=\"lazy\" decoding=\"async\" aria-describedby=\"caption-attachment-906\" class=\"wp-image-906 size-large\" src=\"http:\/\/www.hakkilaneraveikot.net\/wp-content\/uploads\/2010\/05\/ensimm\u00e4inen-hirvi-1024x820.jpg\" alt=\"H\u00e4kkil\u00e4n ensimm\u00e4inen luvallinen hirvi Hiekkoin pihassa.\" width=\"640\" height=\"513\" srcset=\"https:\/\/www.hakkilaneraveikot.net\/wp-content\/uploads\/2010\/05\/ensimm\u00e4inen-hirvi-1024x820.jpg 1024w, https:\/\/www.hakkilaneraveikot.net\/wp-content\/uploads\/2010\/05\/ensimm\u00e4inen-hirvi-300x240.jpg 300w\" sizes=\"auto, (max-width: 640px) 100vw, 640px\" \/><\/a><p id=\"caption-attachment-906\" class=\"wp-caption-text\">H\u00e4kkil\u00e4n ensimm\u00e4inen luvallinen hirvi Hiekkoin pihassa.<\/p><\/div>\n<p>Hirvikanta kasvoi nopeasti ja parhaina vuosina 1980-luvun alkupuolella oli seurallamme 16 kaatolupaa. Hirvipeijaiset on j\u00e4rjestetty aiemmin K\u00e4\u00e4k\u00f6n tyhjill\u00e4\u00e4n olevassa talossa. Alkuvuosina keitot sy\u00f6tiin ja valssit tanssittiin tunnelmallisesti petromaksien valossa. Nyky\u00e4\u00e4n hirvipeijaiset j\u00e4rjestet\u00e4\u00e4n seuran er\u00e4majalla.<\/p>\n<p>Hirven mets\u00e4styksen kannalta alueemme toimii l\u00e4hinn\u00e4 hirvien vasomisalueena. Mets\u00e4styksen olemme aloittaneet aina ensimm\u00e4isen\u00e4 virallisena mets\u00e4stysp\u00e4iv\u00e4n\u00e4. Seurallamme oleva kylmi\u00f6 mahdollistaa t\u00e4m\u00e4n.<\/p>\n<p>Viime vuodet hirviseurueen p\u00e4\u00e4llikk\u00f6n\u00e4 on toiminut Pentti H\u00e4kkinen. Koiralla mets\u00e4styksen lis\u00e4ksi seurue harrastaa my\u00f6s perinteist\u00e4 ajomets\u00e4styst\u00e4, joten seurueeseen voi liitty\u00e4 my\u00f6s pelk\u00e4ksi ajomieheksi. Kaadon saatuamme seurallamme on hygieeniset ja nykyaikaiset lihan jatkok\u00e4sittelytilat; \u00a0kylmi\u00f6st\u00e4 &#8211; lihamyllyyn.<\/p>\n<p>&nbsp;<\/p>\n","protected":false},"excerpt":{"rendered":"<p>Seuran perustamisen aikoihin oli hirvi viel\u00e4 harvinainen el\u00e4in H\u00e4kkil\u00e4ss\u00e4. 1960-luvun lopulla kannan nopean kasvun my\u00f6t\u00e4 niit\u00e4 alkoi kuitenkin esiinty\u00e4 jahtimaillamme ja niinp\u00e4 seuramme anoi ja sai ensimm\u00e4isen hirvenkaatoluvan vuonna 1968. Hankkeen puuhamiehen\u00e4 toimi lossarimme Eino Nikulainen. Kaatoa ei viel\u00e4 silloin&hellip; <br \/><a class=\"read-more-button\" href=\"https:\/\/www.hakkilaneraveikot.net\/?page_id=20\">Read more<\/a><\/p>\n","protected":false},"author":1,"featured_media":0,"parent":0,"menu_order":5,"comment_status":"closed","ping_status":"closed","template":"","meta":{"footnotes":""},"class_list":["post-20","page","type-page","status-publish","hentry"],"_links":{"self":[{"href":"https:\/\/www.hakkilaneraveikot.net\/index.php?rest_route=\/wp\/v2\/pages\/20","targetHints":{"allow":["GET"]}}],"collection":[{"href":"https:\/\/www.hakkilaneraveikot.net\/index.php?rest_route=\/wp\/v2\/pages"}],"about":[{"href":"https:\/\/www.hakkilaneraveikot.net\/index.php?rest_route=\/wp\/v2\/types\/page"}],"author":[{"embeddable":true,"href":"https:\/\/www.hakkilaneraveikot.net\/index.php?rest_route=\/wp\/v2\/users\/1"}],"replies":[{"embeddable":true,"href":"https:\/\/www.hakkilaneraveikot.net\/index.php?rest_route=%2Fwp%2Fv2%2Fcomments&post=20"}],"version-history":[{"count":12,"href":"https:\/\/www.hakkilaneraveikot.net\/index.php?rest_route=\/wp\/v2\/pages\/20\/revisions"}],"predecessor-version":[{"id":22,"href":"https:\/\/www.hakkilaneraveikot.net\/index.php?rest_route=\/wp\/v2\/pages\/20\/revisions\/22"}],"wp:attachment":[{"href":"https:\/\/www.hakkilaneraveikot.net\/index.php?rest_route=%2Fwp%2Fv2%2Fmedia&parent=20"}],"curies":[{"name":"wp","href":"https:\/\/api.w.org\/{rel}","templated":true}]}}